{"id":54,"date":"2024-02-16T11:08:40","date_gmt":"2024-02-16T14:08:40","guid":{"rendered":"https:\/\/blog.economiaportal.com\/?page_id=54"},"modified":"2024-02-16T11:08:41","modified_gmt":"2024-02-16T14:08:41","slug":"politica-privacidade","status":"publish","type":"page","link":"https:\/\/blog.economiaportal.com\/es\/politica-privacidade\/","title":{"rendered":"pol\u00edtica de privacidad"},"content":{"rendered":"<p>Su privacidad es importante para nosotros. Es pol\u00edtica del Portal Blog Econom\u00eda respetar su privacidad en relaci\u00f3n con cualquier informaci\u00f3n que podamos recopilar en el sitio web. <a href=\"https:\/\/blog.economiaportal.com\/es\/\">Blog Portal de Econom\u00eda<\/a>y otros sitios que poseemos y operamos.<\/p>\n\n\n\n<p>Solo solicitamos informaci\u00f3n personal cuando realmente la necesitamos para brindarle un servicio. Lo hacemos por medios justos y legales, con su conocimiento y consentimiento. Tambi\u00e9n te contamos por qu\u00e9 lo recogemos y c\u00f3mo se utilizar\u00e1.<\/p>\n\n\n\n<p>Solo conservamos la informaci\u00f3n recopilada durante el tiempo necesario para proporcionar el servicio solicitado. Cuando almacenamos datos, los protegemos dentro de medios comercialmente aceptables para evitar p\u00e9rdidas y robos, as\u00ed como el acceso, divulgaci\u00f3n, copia, uso o modificaci\u00f3n no autorizados.<\/p>\n\n\n\n<p>No compartimos informaci\u00f3n de identificaci\u00f3n personal p\u00fablicamente ni con terceros, excepto cuando lo exija la ley.<\/p>\n\n\n\n<p>Nuestro sitio web puede tener enlaces a sitios web externos que no son operados por nosotros. Tenga en cuenta que no tenemos control sobre el contenido y las pr\u00e1cticas de estos sitios y no podemos aceptar responsabilidad por sus respectivas pol\u00edticas de privacidad.<\/p>\n\n\n\n<p>Usted es libre de rechazar nuestra solicitud de su informaci\u00f3n personal, en el entendido de que es posible que no podamos brindarle algunos de los servicios que desea.<\/p>\n\n\n\n<p>Su uso continuado de nuestro sitio web se considerar\u00e1 la aceptaci\u00f3n de nuestras pr\u00e1cticas en materia de privacidad e informaci\u00f3n personal. Si tiene alguna pregunta sobre c\u00f3mo manejamos los datos de los usuarios y la informaci\u00f3n personal, comun\u00edquese con nosotros.<\/p>\n\n\n\n<ul class=\"wp-block-list\">\n<li>El servicio Google AdSense que utilizamos para ofrecer publicidad utiliza una cookie de DoubleClick para mostrar anuncios m\u00e1s relevantes en la web y limitar la cantidad de veces que se le muestra un anuncio en particular.<\/li>\n\n\n\n<li>Para obtener m\u00e1s informaci\u00f3n sobre Google AdSense, consulte las preguntas frecuentes oficiales sobre privacidad de Google AdSense.<\/li>\n\n\n\n<li>Utilizamos anuncios para compensar los costos de funcionamiento de este sitio y proporcionar fondos para el desarrollo futuro. Las cookies de publicidad conductual utilizadas por este sitio est\u00e1n dise\u00f1adas para garantizar que le proporcionemos los anuncios m\u00e1s relevantes siempre que sea posible mediante el seguimiento an\u00f3nimo de sus intereses y la presentaci\u00f3n de cosas similares que puedan ser de su inter\u00e9s.<\/li>\n\n\n\n<li>Varios socios anuncian en nuestro nombre y las cookies de seguimiento de afiliados simplemente nos permiten ver si nuestros clientes han accedido al sitio a trav\u00e9s de uno de los sitios de nuestros socios para que podamos acreditarlos adecuadamente y, cuando corresponda, permitir a nuestros socios afiliados ofrecer cualquier promoci\u00f3n que puede proporcionarle para realizar una compra.<\/li>\n<\/ul>\n\n\n\n<h3 class=\"wp-block-heading\">Compromiso del usuario<\/h3>\n\n\n\n<p>El usuario se compromete a hacer un uso adecuado de los contenidos e informaci\u00f3n que el Portal Blog Econom\u00eda ofrece en el sitio web y con car\u00e1cter enunciativo, pero no limitativo:<\/p>\n\n\n\n<ul class=\"wp-block-list\">\n<li>A) No realizar actividades il\u00edcitas o contrarias a la buena fe y al orden p\u00fablico;<\/li>\n\n\n\n<li>B) No difundir propaganda o contenidos de car\u00e1cter racista, xen\u00f3fobo, pixbet o de apuestas, cualquier tipo de pornograf\u00eda ilegal, de apoyo al terrorismo o contra los derechos humanos;<\/li>\n\n\n\n<li>C) No provocar da\u00f1os en los sistemas f\u00edsicos (hardware) y l\u00f3gicos (software) de Blog Econom\u00eda Portal, de sus proveedores o de terceras personas, introducir o difundir en la red virus inform\u00e1ticos o cualesquiera otros sistemas hardware o software que sean susceptibles de provocar los da\u00f1os anteriormente mencionados. .<\/li>\n<\/ul>\n\n\n\n<h3 class=\"wp-block-heading\">Mas informaciones<\/h3>\n\n\n\n<p>Esperemos que quede claro y, como se mencion\u00f3 anteriormente, si hay algo que no est\u00e1 seguro de necesitar o no, generalmente es m\u00e1s seguro dejar las cookies habilitadas en caso de que interact\u00fae con una de las funciones que utiliza en nuestro sitio.<\/p>\n\n\n\n<p>Esta pol\u00edtica entra en vigor a partir del 16 de febrero de 2024.<\/p>","protected":false},"excerpt":{"rendered":"<p>Su privacidad es importante para nosotros. Es pol\u00edtica del Portal Blog Econom\u00eda respetar\u2026 <\/p>","protected":false},"author":1,"featured_media":0,"parent":0,"menu_order":0,"comment_status":"closed","ping_status":"closed","template":"","meta":{"footnotes":""},"class_list":["post-54","page","type-page","status-publish","hentry"],"yoast_head":"<!-- This site is optimized with the Yoast SEO plugin v26.6 - https:\/\/yoast.com\/wordpress\/plugins\/seo\/ -->\n<title>Pol\u00edtica Privacidade - Blog Economia Portal<\/title>\n<meta name=\"robots\" content=\"index, follow, max-snippet:-1, max-image-preview:large, max-video-preview:-1\" \/>\n<link rel=\"canonical\" href=\"http:\/\/blog.economiaportal.com\/es\/politica-privacidade\/\" \/>\n<meta property=\"og:locale\" content=\"es_MX\" \/>\n<meta property=\"og:type\" content=\"article\" \/>\n<meta property=\"og:title\" content=\"Pol\u00edtica Privacidade - Blog Economia Portal\" \/>\n<meta property=\"og:description\" content=\"A sua privacidade \u00e9 importante para n\u00f3s. \u00c9 pol\u00edtica do Blog Economia Portal respeitar a &hellip;\" \/>\n<meta property=\"og:url\" content=\"http:\/\/blog.economiaportal.com\/es\/politica-privacidade\/\" \/>\n<meta property=\"og:site_name\" content=\"Blog Economia Portal\" \/>\n<meta property=\"article:modified_time\" content=\"2024-02-16T14:08:41+00:00\" \/>\n<meta name=\"twitter:card\" content=\"summary_large_image\" \/>\n<meta name=\"twitter:label1\" content=\"Tiempo de lectura\" \/>\n\t<meta name=\"twitter:data1\" content=\"4 minutos\" \/>\n<script type=\"application\/ld+json\" class=\"yoast-schema-graph\">{\"@context\":\"https:\/\/schema.org\",\"@graph\":[{\"@type\":\"WebPage\",\"@id\":\"http:\/\/blog.economiaportal.com\/politica-privacidade\/\",\"url\":\"http:\/\/blog.economiaportal.com\/politica-privacidade\/\",\"name\":\"Pol\u00edtica Privacidade - Blog Economia Portal\",\"isPartOf\":{\"@id\":\"https:\/\/blog.economiaportal.com\/#website\"},\"datePublished\":\"2024-02-16T14:08:40+00:00\",\"dateModified\":\"2024-02-16T14:08:41+00:00\",\"breadcrumb\":{\"@id\":\"http:\/\/blog.economiaportal.com\/politica-privacidade\/#breadcrumb\"},\"inLanguage\":\"es\",\"potentialAction\":[{\"@type\":\"ReadAction\",\"target\":[\"http:\/\/blog.economiaportal.com\/politica-privacidade\/\"]}]},{\"@type\":\"BreadcrumbList\",\"@id\":\"http:\/\/blog.economiaportal.com\/politica-privacidade\/#breadcrumb\",\"itemListElement\":[{\"@type\":\"ListItem\",\"position\":1,\"name\":\"Home\",\"item\":\"https:\/\/blog.economiaportal.com\/\"},{\"@type\":\"ListItem\",\"position\":2,\"name\":\"Pol\u00edtica Privacidade\"}]},{\"@type\":\"WebSite\",\"@id\":\"https:\/\/blog.economiaportal.com\/#website\",\"url\":\"https:\/\/blog.economiaportal.com\/\",\"name\":\"Blog Economia Portal\",\"description\":\"\",\"publisher\":{\"@id\":\"https:\/\/blog.economiaportal.com\/#organization\"},\"potentialAction\":[{\"@type\":\"SearchAction\",\"target\":{\"@type\":\"EntryPoint\",\"urlTemplate\":\"https:\/\/blog.economiaportal.com\/?s={search_term_string}\"},\"query-input\":{\"@type\":\"PropertyValueSpecification\",\"valueRequired\":true,\"valueName\":\"search_term_string\"}}],\"inLanguage\":\"es\"},{\"@type\":\"Organization\",\"@id\":\"https:\/\/blog.economiaportal.com\/#organization\",\"name\":\"Blog Economia Portal\",\"url\":\"https:\/\/blog.economiaportal.com\/\",\"logo\":{\"@type\":\"ImageObject\",\"inLanguage\":\"es\",\"@id\":\"https:\/\/blog.economiaportal.com\/#\/schema\/logo\/image\/\",\"url\":\"https:\/\/blog.economiaportal.com\/wp-content\/uploads\/2024\/02\/cropped-BLOG-Economia-1.png\",\"contentUrl\":\"https:\/\/blog.economiaportal.com\/wp-content\/uploads\/2024\/02\/cropped-BLOG-Economia-1.png\",\"width\":855,\"height\":271,\"caption\":\"Blog Economia Portal\"},\"image\":{\"@id\":\"https:\/\/blog.economiaportal.com\/#\/schema\/logo\/image\/\"}}]}<\/script>\n<!-- \/ Yoast SEO plugin. -->","yoast_head_json":{"title":"Pol\u00edtica Privacidade - Blog Economia Portal","robots":{"index":"index","follow":"follow","max-snippet":"max-snippet:-1","max-image-preview":"max-image-preview:large","max-video-preview":"max-video-preview:-1"},"canonical":"http:\/\/blog.economiaportal.com\/es\/politica-privacidade\/","og_locale":"es_MX","og_type":"article","og_title":"Pol\u00edtica Privacidade - Blog Economia Portal","og_description":"A sua privacidade \u00e9 importante para n\u00f3s. \u00c9 pol\u00edtica do Blog Economia Portal respeitar a &hellip;","og_url":"http:\/\/blog.economiaportal.com\/es\/politica-privacidade\/","og_site_name":"Blog Economia Portal","article_modified_time":"2024-02-16T14:08:41+00:00","twitter_card":"summary_large_image","twitter_misc":{"Tiempo de lectura":"4 minutos"},"schema":{"@context":"https:\/\/schema.org","@graph":[{"@type":"WebPage","@id":"http:\/\/blog.economiaportal.com\/politica-privacidade\/","url":"http:\/\/blog.economiaportal.com\/politica-privacidade\/","name":"Pol\u00edtica Privacidade - Blog Economia Portal","isPartOf":{"@id":"https:\/\/blog.economiaportal.com\/#website"},"datePublished":"2024-02-16T14:08:40+00:00","dateModified":"2024-02-16T14:08:41+00:00","breadcrumb":{"@id":"http:\/\/blog.economiaportal.com\/politica-privacidade\/#breadcrumb"},"inLanguage":"es","potentialAction":[{"@type":"ReadAction","target":["http:\/\/blog.economiaportal.com\/politica-privacidade\/"]}]},{"@type":"BreadcrumbList","@id":"http:\/\/blog.economiaportal.com\/politica-privacidade\/#breadcrumb","itemListElement":[{"@type":"ListItem","position":1,"name":"Home","item":"https:\/\/blog.economiaportal.com\/"},{"@type":"ListItem","position":2,"name":"Pol\u00edtica Privacidade"}]},{"@type":"WebSite","@id":"https:\/\/blog.economiaportal.com\/#website","url":"https:\/\/blog.economiaportal.com\/","name":"Blog Portal de Econom\u00eda","description":"","publisher":{"@id":"https:\/\/blog.economiaportal.com\/#organization"},"potentialAction":[{"@type":"SearchAction","target":{"@type":"EntryPoint","urlTemplate":"https:\/\/blog.economiaportal.com\/?s={search_term_string}"},"query-input":{"@type":"PropertyValueSpecification","valueRequired":true,"valueName":"search_term_string"}}],"inLanguage":"es"},{"@type":"Organization","@id":"https:\/\/blog.economiaportal.com\/#organization","name":"Blog Portal de Econom\u00eda","url":"https:\/\/blog.economiaportal.com\/","logo":{"@type":"ImageObject","inLanguage":"es","@id":"https:\/\/blog.economiaportal.com\/#\/schema\/logo\/image\/","url":"https:\/\/blog.economiaportal.com\/wp-content\/uploads\/2024\/02\/cropped-BLOG-Economia-1.png","contentUrl":"https:\/\/blog.economiaportal.com\/wp-content\/uploads\/2024\/02\/cropped-BLOG-Economia-1.png","width":855,"height":271,"caption":"Blog Economia Portal"},"image":{"@id":"https:\/\/blog.economiaportal.com\/#\/schema\/logo\/image\/"}}]}},"_links":{"self":[{"href":"https:\/\/blog.economiaportal.com\/es\/wp-json\/wp\/v2\/pages\/54","targetHints":{"allow":["GET"]}}],"collection":[{"href":"https:\/\/blog.economiaportal.com\/es\/wp-json\/wp\/v2\/pages"}],"about":[{"href":"https:\/\/blog.economiaportal.com\/es\/wp-json\/wp\/v2\/types\/page"}],"author":[{"embeddable":true,"href":"https:\/\/blog.economiaportal.com\/es\/wp-json\/wp\/v2\/users\/1"}],"replies":[{"embeddable":true,"href":"https:\/\/blog.economiaportal.com\/es\/wp-json\/wp\/v2\/comments?post=54"}],"version-history":[{"count":1,"href":"https:\/\/blog.economiaportal.com\/es\/wp-json\/wp\/v2\/pages\/54\/revisions"}],"predecessor-version":[{"id":55,"href":"https:\/\/blog.economiaportal.com\/es\/wp-json\/wp\/v2\/pages\/54\/revisions\/55"}],"wp:attachment":[{"href":"https:\/\/blog.economiaportal.com\/es\/wp-json\/wp\/v2\/media?parent=54"}],"curies":[{"name":"wp","href":"https:\/\/api.w.org\/{rel}","templated":true}]}}