{"id":259,"date":"2024-11-11T09:46:47","date_gmt":"2024-11-11T12:46:47","guid":{"rendered":"https:\/\/blog.economiaportal.com\/?page_id=259"},"modified":"2024-11-11T09:50:24","modified_gmt":"2024-11-11T12:50:24","slug":"sobre-nos-economia-portal","status":"publish","type":"page","link":"https:\/\/blog.economiaportal.com\/tr\/sobre-nos-economia-portal\/","title":{"rendered":"Hakk\u0131m\u0131zda"},"content":{"rendered":"<p>Ho\u015f geldiniz <strong>Blog<\/strong> <strong>Ekonomi Portal\u0131<\/strong>!<\/p>\n\n\n\n<p>Burada inan\u0131yoruz ki, <strong>mali bilgiler<\/strong> \u00f6yle olmal\u0131 <strong>basit ve eri\u015filebilir<\/strong> herkes i\u00e7in. Amac\u0131m\u0131z i\u00e7erik getirmek <strong>kalite<\/strong> Finansal tercihlerinizi d\u00f6n\u00fc\u015ft\u00fcren ve ekonomik bir ya\u015fam kurman\u0131za yard\u0131mc\u0131 olan <strong>istikrarl\u0131 ve m\u00fcreffeh<\/strong>.<\/p>\n\n\n\n<h3 class=\"wp-block-heading\">Misyonumuz<\/h3>\n\n\n\n<p>D\u00fc\u011f\u00fcm <strong>Blog<\/strong> <strong>Ekonomi Portal\u0131<\/strong>, istiyoruz <strong>g\u00fc\u00e7lendirmek<\/strong> bilgi sahibi okuyucular\u0131m\u0131z bunu yapabilmeleri i\u00e7in <strong>ak\u0131ll\u0131 ve g\u00fcvenli kararlar<\/strong> g\u00fcnl\u00fck ya\u015famda. anlay\u0131\u015fa inan\u0131yoruz <strong>ekonomi, yat\u0131r\u0131mlar<\/strong> Ve <strong>finansal planlama<\/strong> finansal \u00f6zg\u00fcrl\u00fc\u011f\u00fcn anahtar\u0131d\u0131r.<\/p>\n\n\n\n<h3 class=\"wp-block-heading\">Burada Ne Bulacaks\u0131n\u0131z?<\/h3>\n\n\n\n<p>gibi konularda \u00e7e\u015fitli i\u00e7erikler sunuyoruz. <strong>yat\u0131r\u0131mlar<\/strong>, <strong>ki\u015fisel finans y\u00f6netimi<\/strong>, <strong>ekonomiye uygulanan teknoloji<\/strong> Ve <strong>finans piyasas\u0131 ile ilgili haberler<\/strong>. Bilginin g\u00fc\u00e7l\u00fc bir ara\u00e7 oldu\u011funu biliyoruz ve onu en iyi \u015fekilde sunmaya \u00e7al\u0131\u015f\u0131yoruz. <strong>a\u00e7\u0131k ve pratik<\/strong>.<\/p>\n\n\n\n<p>A\u015fa\u011f\u0131daki gibi b\u00f6l\u00fcmleri bulacaks\u0131n\u0131z:<\/p>\n\n\n\n<ul class=\"wp-block-list\">\n<li><strong>Tasarruf \u0130pu\u00e7lar\u0131<\/strong>: \u015eunlar i\u00e7in pratik rehberlik: <strong>masraflar\u0131 k\u0131smak<\/strong> Ve <strong>para biriktirmek<\/strong> g\u00fcnl\u00fck ya\u015famda.<\/li>\n\n\n\n<li><strong>Yat\u0131r\u0131m K\u0131lavuzlar\u0131<\/strong>: Ad\u0131m ad\u0131m nas\u0131l yap\u0131laca\u011f\u0131 <strong>g\u00fcvenli yat\u0131r\u0131m yap\u0131n<\/strong>\u0130ster ba\u015flang\u0131\u00e7 d\u00fczeyinde olun ister ileri d\u00fczeyde olun.<\/li>\n\n\n\n<li><strong>Piyasa G\u00fcncellemeleri<\/strong>: \u015euna <strong>en \u00f6nemli haberler<\/strong> Ayr\u0131nt\u0131l\u0131 ve eri\u015filebilir analizlerle ekonomik d\u00fcnyadaki trendler ve trendler.<\/li>\n\n\n\n<li><strong>Finansal Teknoloji<\/strong>: Nas\u0131l kullan\u0131l\u0131r <strong>uygulamalar<\/strong> Ve <strong>\u00e7evrimi\u00e7i ara\u00e7lar<\/strong> Finansal hayat\u0131n\u0131z\u0131 iyile\u015ftirmek i\u00e7in.<\/li>\n<\/ul>\n\n\n\n<h3 class=\"wp-block-heading\">Ekibimiz<\/h3>\n\n\n\n<p>Bir ekip taraf\u0131ndan olu\u015fturulan <strong>uzmanlar<\/strong> ekonomi, finans ve teknoloji alanlar\u0131nda <strong>Blog<\/strong> <strong>Ekonomi Portal\u0131<\/strong> Finans d\u00fcnyas\u0131ndan yazarlar, analistler ve merakl\u0131lar var. Her makale, k\u0131lavuz veya ipucu a\u015fa\u011f\u0131dakilerle yaz\u0131lm\u0131\u015ft\u0131r: <strong>\u00f6zveri<\/strong> ve ba\u011fl\u0131l\u0131k, en iyiyi sunmak <strong>finansal i\u00e7erik<\/strong>.<\/p>\n\n\n\n<h3 class=\"wp-block-heading\">Hadi birlikte gidelim!<\/h3>\n\n\n\n<p>Sizinle birlikte y\u00fcr\u00fcmek i\u00e7in buraday\u0131z <strong>finansal \u00f6zg\u00fcrl\u00fck yolculu\u011fu<\/strong>. Makalelerimizi takip edin, tart\u0131\u015fmalar\u0131m\u0131za kat\u0131l\u0131n ve d\u00f6n\u00fc\u015f\u00fcm\u00fc sa\u011flayan ipu\u00e7lar\u0131n\u0131 ke\u015ffedin. Sonu\u00e7ta, <strong>Blog<\/strong> <strong>Ekonomi Portal\u0131<\/strong> Sizin i\u00e7in ve sizin taraf\u0131n\u0131zdan yap\u0131lm\u0131\u015ft\u0131r.<\/p>\n\n\n\n<p><strong>Finansman\u0131n\u0131za eri\u015fin, kaydedin ve d\u00f6n\u00fc\u015ft\u00fcr\u00fcn!<\/strong><\/p>\n\n\n\n<hr class=\"wp-block-separator has-alpha-channel-opacity\"\/>\n\n\n\n<p><\/p>\n\n\n\n<h3 class=\"wp-block-heading\"><\/h3>","protected":false},"excerpt":{"rendered":"<p>Bem-vindo ao Blog Economia Portal! Aqui, acreditamos que a informa\u00e7\u00e3o financeira deve ser simples e &hellip; <\/p>","protected":false},"author":1,"featured_media":0,"parent":0,"menu_order":0,"comment_status":"closed","ping_status":"closed","template":"","meta":{"footnotes":""},"class_list":["post-259","page","type-page","status-publish","hentry"],"yoast_head":"<!-- This site is optimized with the Yoast SEO plugin v26.6 - https:\/\/yoast.com\/wordpress\/plugins\/seo\/ -->\n<title>Sobre N\u00f3s - Blog Economia Portal<\/title>\n<meta name=\"robots\" content=\"index, follow, max-snippet:-1, max-image-preview:large, max-video-preview:-1\" \/>\n<link rel=\"canonical\" href=\"https:\/\/blog.economiaportal.com\/tr\/sobre-nos-economia-portal\/\" \/>\n<meta property=\"og:locale\" content=\"tr_TR\" \/>\n<meta property=\"og:type\" content=\"article\" \/>\n<meta property=\"og:title\" content=\"Sobre N\u00f3s - Blog Economia Portal\" \/>\n<meta property=\"og:description\" content=\"Bem-vindo ao Blog Economia Portal! Aqui, acreditamos que a informa\u00e7\u00e3o financeira deve ser simples e &hellip;\" \/>\n<meta property=\"og:url\" content=\"https:\/\/blog.economiaportal.com\/tr\/sobre-nos-economia-portal\/\" \/>\n<meta property=\"og:site_name\" content=\"Blog Economia Portal\" \/>\n<meta property=\"article:modified_time\" content=\"2024-11-11T12:50:24+00:00\" \/>\n<meta name=\"twitter:card\" content=\"summary_large_image\" \/>\n<meta name=\"twitter:label1\" content=\"Tahmini okuma s\u00fcresi\" \/>\n\t<meta name=\"twitter:data1\" content=\"2 dakika\" \/>\n<script type=\"application\/ld+json\" class=\"yoast-schema-graph\">{\"@context\":\"https:\/\/schema.org\",\"@graph\":[{\"@type\":\"WebPage\",\"@id\":\"https:\/\/blog.economiaportal.com\/sobre-nos-economia-portal\/\",\"url\":\"https:\/\/blog.economiaportal.com\/sobre-nos-economia-portal\/\",\"name\":\"Sobre N\u00f3s - Blog Economia Portal\",\"isPartOf\":{\"@id\":\"https:\/\/blog.economiaportal.com\/#website\"},\"datePublished\":\"2024-11-11T12:46:47+00:00\",\"dateModified\":\"2024-11-11T12:50:24+00:00\",\"breadcrumb\":{\"@id\":\"https:\/\/blog.economiaportal.com\/sobre-nos-economia-portal\/#breadcrumb\"},\"inLanguage\":\"tr\",\"potentialAction\":[{\"@type\":\"ReadAction\",\"target\":[\"https:\/\/blog.economiaportal.com\/sobre-nos-economia-portal\/\"]}]},{\"@type\":\"BreadcrumbList\",\"@id\":\"https:\/\/blog.economiaportal.com\/sobre-nos-economia-portal\/#breadcrumb\",\"itemListElement\":[{\"@type\":\"ListItem\",\"position\":1,\"name\":\"Home\",\"item\":\"https:\/\/blog.economiaportal.com\/\"},{\"@type\":\"ListItem\",\"position\":2,\"name\":\"Sobre N\u00f3s\"}]},{\"@type\":\"WebSite\",\"@id\":\"https:\/\/blog.economiaportal.com\/#website\",\"url\":\"https:\/\/blog.economiaportal.com\/\",\"name\":\"Blog Economia Portal\",\"description\":\"\",\"publisher\":{\"@id\":\"https:\/\/blog.economiaportal.com\/#organization\"},\"potentialAction\":[{\"@type\":\"SearchAction\",\"target\":{\"@type\":\"EntryPoint\",\"urlTemplate\":\"https:\/\/blog.economiaportal.com\/?s={search_term_string}\"},\"query-input\":{\"@type\":\"PropertyValueSpecification\",\"valueRequired\":true,\"valueName\":\"search_term_string\"}}],\"inLanguage\":\"tr\"},{\"@type\":\"Organization\",\"@id\":\"https:\/\/blog.economiaportal.com\/#organization\",\"name\":\"Blog Economia Portal\",\"url\":\"https:\/\/blog.economiaportal.com\/\",\"logo\":{\"@type\":\"ImageObject\",\"inLanguage\":\"tr\",\"@id\":\"https:\/\/blog.economiaportal.com\/#\/schema\/logo\/image\/\",\"url\":\"https:\/\/blog.economiaportal.com\/wp-content\/uploads\/2024\/02\/cropped-BLOG-Economia-1.png\",\"contentUrl\":\"https:\/\/blog.economiaportal.com\/wp-content\/uploads\/2024\/02\/cropped-BLOG-Economia-1.png\",\"width\":855,\"height\":271,\"caption\":\"Blog Economia Portal\"},\"image\":{\"@id\":\"https:\/\/blog.economiaportal.com\/#\/schema\/logo\/image\/\"}}]}<\/script>\n<!-- \/ Yoast SEO plugin. -->","yoast_head_json":{"title":"Sobre N\u00f3s - Blog Economia Portal","robots":{"index":"index","follow":"follow","max-snippet":"max-snippet:-1","max-image-preview":"max-image-preview:large","max-video-preview":"max-video-preview:-1"},"canonical":"https:\/\/blog.economiaportal.com\/tr\/sobre-nos-economia-portal\/","og_locale":"tr_TR","og_type":"article","og_title":"Sobre N\u00f3s - Blog Economia Portal","og_description":"Bem-vindo ao Blog Economia Portal! Aqui, acreditamos que a informa\u00e7\u00e3o financeira deve ser simples e &hellip;","og_url":"https:\/\/blog.economiaportal.com\/tr\/sobre-nos-economia-portal\/","og_site_name":"Blog Economia Portal","article_modified_time":"2024-11-11T12:50:24+00:00","twitter_card":"summary_large_image","twitter_misc":{"Tahmini okuma s\u00fcresi":"2 dakika"},"schema":{"@context":"https:\/\/schema.org","@graph":[{"@type":"WebPage","@id":"https:\/\/blog.economiaportal.com\/sobre-nos-economia-portal\/","url":"https:\/\/blog.economiaportal.com\/sobre-nos-economia-portal\/","name":"Sobre N\u00f3s - Blog Economia Portal","isPartOf":{"@id":"https:\/\/blog.economiaportal.com\/#website"},"datePublished":"2024-11-11T12:46:47+00:00","dateModified":"2024-11-11T12:50:24+00:00","breadcrumb":{"@id":"https:\/\/blog.economiaportal.com\/sobre-nos-economia-portal\/#breadcrumb"},"inLanguage":"tr","potentialAction":[{"@type":"ReadAction","target":["https:\/\/blog.economiaportal.com\/sobre-nos-economia-portal\/"]}]},{"@type":"BreadcrumbList","@id":"https:\/\/blog.economiaportal.com\/sobre-nos-economia-portal\/#breadcrumb","itemListElement":[{"@type":"ListItem","position":1,"name":"Home","item":"https:\/\/blog.economiaportal.com\/"},{"@type":"ListItem","position":2,"name":"Sobre N\u00f3s"}]},{"@type":"WebSite","@id":"https:\/\/blog.economiaportal.com\/#website","url":"https:\/\/blog.economiaportal.com\/","name":"Blog Ekonomi Portal\u0131","description":"","publisher":{"@id":"https:\/\/blog.economiaportal.com\/#organization"},"potentialAction":[{"@type":"SearchAction","target":{"@type":"EntryPoint","urlTemplate":"https:\/\/blog.economiaportal.com\/?s={search_term_string}"},"query-input":{"@type":"PropertyValueSpecification","valueRequired":true,"valueName":"search_term_string"}}],"inLanguage":"tr"},{"@type":"Organization","@id":"https:\/\/blog.economiaportal.com\/#organization","name":"Blog Ekonomi Portal\u0131","url":"https:\/\/blog.economiaportal.com\/","logo":{"@type":"ImageObject","inLanguage":"tr","@id":"https:\/\/blog.economiaportal.com\/#\/schema\/logo\/image\/","url":"https:\/\/blog.economiaportal.com\/wp-content\/uploads\/2024\/02\/cropped-BLOG-Economia-1.png","contentUrl":"https:\/\/blog.economiaportal.com\/wp-content\/uploads\/2024\/02\/cropped-BLOG-Economia-1.png","width":855,"height":271,"caption":"Blog Economia Portal"},"image":{"@id":"https:\/\/blog.economiaportal.com\/#\/schema\/logo\/image\/"}}]}},"_links":{"self":[{"href":"https:\/\/blog.economiaportal.com\/tr\/wp-json\/wp\/v2\/pages\/259","targetHints":{"allow":["GET"]}}],"collection":[{"href":"https:\/\/blog.economiaportal.com\/tr\/wp-json\/wp\/v2\/pages"}],"about":[{"href":"https:\/\/blog.economiaportal.com\/tr\/wp-json\/wp\/v2\/types\/page"}],"author":[{"embeddable":true,"href":"https:\/\/blog.economiaportal.com\/tr\/wp-json\/wp\/v2\/users\/1"}],"replies":[{"embeddable":true,"href":"https:\/\/blog.economiaportal.com\/tr\/wp-json\/wp\/v2\/comments?post=259"}],"version-history":[{"count":2,"href":"https:\/\/blog.economiaportal.com\/tr\/wp-json\/wp\/v2\/pages\/259\/revisions"}],"predecessor-version":[{"id":264,"href":"https:\/\/blog.economiaportal.com\/tr\/wp-json\/wp\/v2\/pages\/259\/revisions\/264"}],"wp:attachment":[{"href":"https:\/\/blog.economiaportal.com\/tr\/wp-json\/wp\/v2\/media?parent=259"}],"curies":[{"name":"wp","href":"https:\/\/api.w.org\/{rel}","templated":true}]}}